{"id":686,"date":"2023-06-24T17:44:33","date_gmt":"2023-06-24T15:44:33","guid":{"rendered":"https:\/\/programmier-workshops.de\/blog\/?page_id=686"},"modified":"2023-06-24T17:48:08","modified_gmt":"2023-06-24T15:48:08","slug":"impressum","status":"publish","type":"page","link":"https:\/\/programmier-workshops.de\/blog\/impressum\/","title":{"rendered":"Impressum"},"content":{"rendered":"\n<p><a href=\"https:\/\/programmier-workshops.de\/\"><a href=\"mailto:info@programmier-workshops.de\">programmier-workshops.de<\/a><\/a><br>Ralph G\u00f6stenmeier<br>Mittelreihe 74<br>24879 Neuberend<br><br>Telefonnummer:\u00a0+49 172 2178648<br>E-Mail:\u00a0<a href=\"mailto:info@neuberend.info\" data-type=\"mailto\" data-id=\"mailto:info@neuberend.info\">info@<\/a><a href=\"mailto:info@programmier-workshops.de\">programmier-workshops.de<\/a><br>Webseite:\u00a0<a href=\"https:\/\/programmier-workshops.de\">https:\/\/programmier-workshops.de<\/a><br><br>Inhaltlich\u00a0Verantwortlicher gem\u00e4\u00df \u00a75 TMG:<br><br>Ralph G\u00f6stenmeier<br>Mittelreihe 74<br>24879 Neuberend<br><br>Europ\u00e4ische Online-Streitbeilegungs-Plattform<br><br>Seit dem\u00a015. Februar 2016 stellt die EU-Kommission eine Plattform f\u00fcr au\u00dfergerichtliche Streitschlichtung bereit.\u00a0Als Verbraucher gibt dies ist M\u00f6glichkeit, Streitigkeiten\u00a0im Zusammenhang mit der Online-Bestellung zun\u00e4chst ohne die\u00a0Einschaltung eines Gerichts zu kl\u00e4ren. Die Streitbeilegungs-Plattform ist unter dem\u00a0externen Link\u00a0<a href=\"https:\/\/webgate.ec.europa.eu\/odr\/main\/index.cfm?event=main.adr.show\">https:\/\/webgate.ec.europa.eu\/odr\/main\/index.cfm?event=main.adr.show<\/a>\u00a0erreichbar.<br><br>Disclaimer<br><br>Haftung f\u00fcr Inhalte<br>Die\u00a0Inhalte meiner Seiten wurden mit gr\u00f6\u00dfter Sorgfalt und bestem Gewissen\u00a0erstellt. F\u00fcr die Richtigkeit, Vollst\u00e4ndigkeit und Aktualit\u00e4t der\u00a0bereitgestellten Seiten und Inhalte kann ich jedoch keine Gew\u00e4hr \u00fcbernehmen.\u00a0Als Diensteanbieter bin ich gem\u00e4\u00df \u00a7 7 Abs.1 TMG f\u00fcr eigene Inhalte auf diesen\u00a0Seiten nach den allgemeinen Gesetzen verantwortlich. Nach \u00a7\u00a7 8 bis 10 TMG bin ich\u00a0als Diensteanbieter jedoch nicht verpflichtet, \u00fcbermittelte oder\u00a0gespeicherte fremde Informationen zu \u00fcberwachen oder nach Umst\u00e4nden zu\u00a0forschen, die auf eine rechtswidrige T\u00e4tigkeit hinweisen. Verpflichtungen zur\u00a0Entfernung oder Sperrung der Nutzung von Informationen nach den allgemeinen\u00a0Gesetzen bleiben hiervon unber\u00fchrt. Eine diesbez\u00fcgliche Haftung ist jedoch erst\u00a0ab dem Zeitpunkt der Kenntnis einer konkreten Rechtsverletzung m\u00f6glich. Bei\u00a0Bekanntwerden von entsprechenden Rechtsverletzungen werde ich entsprechende\u00a0Inhalte und Links umgehend entfernen.<br><br>Haftung f\u00fcr Links<br>Mein\u00a0Angebot enth\u00e4lt Links zu externen Webseiten Dritter, auf deren Inhalte ich\u00a0keinen Einfluss habe. Aus diesem Grund kann ich f\u00fcr diese Inhalte auch keine\u00a0Gew\u00e4hr \u00fcbernehmen. F\u00fcr die Inhalte der verlinkten Seiten ist stets der jeweilige Anbieter oder Betreiber der Seiten verantwortlich. Die verlinkten\u00a0Seiten wurden zum Zeitpunkt der Verlinkung auf m\u00f6gliche Rechtsverst\u00f6\u00dfe\u00a0\u00fcberpr\u00fcft. Rechtswidrige Inhalte waren zum Zeitpunkt der Verlinkung nicht\u00a0erkennbar. Eine permanente inhaltliche Kontrolle der verlinkten Seiten ist\u00a0jedoch ohne konkrete Anhaltspunkte einer Rechtsverletzung nicht zumutbar. Bei\u00a0Bekanntwerden von Rechtsverletzungen werde ich derartige Links umgehend\u00a0entfernen.<br><br>Urheberrecht<br>Die auf\u00a0der Website ver\u00f6ffentlichten Inhalte, Werke und bereitgestellten Informationen\u00a0unterliegen dem deutschen Urheberrecht. Die Vervielf\u00e4ltigung, Bearbeitung,\u00a0Verbreitung und jede Art der Verwertung au\u00dferhalb der Grenzen des Urheberrechtes bed\u00fcrfen der schriftlichen Zustimmung des jeweiligen Autors bzw.\u00a0Erstellers. Downloads und Kopien dieser Seite sind nur f\u00fcr den privaten, nicht\u00a0kommerziellen Gebrauch gestattet. Soweit die Inhalte auf dieser Seite nicht vom\u00a0Betreiber erstellt wurden, werden die Urheberrechte Dritter beachtet.\u00a0Insbesondere werden Inhalte Dritter als solche gekennzeichnet. Sollten Sie\u00a0trotzdem auf eine Urheberrechtsverletzung aufmerksam werden, bitten wir um\u00a0einen entsprechenden Hinweis. Bei Bekanntwerden von Rechtsverletzungen werden\u00a0wir derartige Inhalte umgehend entfernen.<\/p>\n\n\n\n<p>&nbsp;\u00a9 2023 Ralph G\u00f6stenmeier<br>Mittelreihe 74, 24879 Neuberend<br><a href=\"mailto:info@programmier-workshops.de\">info@programmier-workshops.de<\/a><br>0172 2718648<\/p>\n","protected":false},"excerpt":{"rendered":"<p>programmier-workshops.deRalph G\u00f6stenmeierMittelreihe 7424879 Neuberend Telefonnummer:\u00a0+49 172 2178648E-Mail:\u00a0info@programmier-workshops.deWebseite:\u00a0https:\/\/programmier-workshops.de Inhaltlich\u00a0Verantwortlicher gem\u00e4\u00df \u00a75 TMG: Ralph G\u00f6stenmeierMittelreihe 7424879 Neuberend Europ\u00e4ische Online-Streitbeilegungs-Plattform Seit dem\u00a015. Februar 2016 stellt die EU-Kommission eine Plattform f\u00fcr au\u00dfergerichtliche Streitschlichtung bereit.\u00a0Als Verbraucher gibt dies ist M\u00f6glichkeit, Streitigkeiten\u00a0im Zusammenhang mit der Online-Bestellung zun\u00e4chst ohne die\u00a0Einschaltung eines Gerichts&hellip;<\/p>\n","protected":false},"author":1,"featured_media":0,"parent":0,"menu_order":0,"comment_status":"closed","ping_status":"closed","template":"","meta":{"footnotes":""},"class_list":["post-686","page","type-page","status-publish","hentry"],"_links":{"self":[{"href":"https:\/\/programmier-workshops.de\/blog\/wp-json\/wp\/v2\/pages\/686","targetHints":{"allow":["GET"]}}],"collection":[{"href":"https:\/\/programmier-workshops.de\/blog\/wp-json\/wp\/v2\/pages"}],"about":[{"href":"https:\/\/programmier-workshops.de\/blog\/wp-json\/wp\/v2\/types\/page"}],"author":[{"embeddable":true,"href":"https:\/\/programmier-workshops.de\/blog\/wp-json\/wp\/v2\/users\/1"}],"replies":[{"embeddable":true,"href":"https:\/\/programmier-workshops.de\/blog\/wp-json\/wp\/v2\/comments?post=686"}],"version-history":[{"count":2,"href":"https:\/\/programmier-workshops.de\/blog\/wp-json\/wp\/v2\/pages\/686\/revisions"}],"predecessor-version":[{"id":689,"href":"https:\/\/programmier-workshops.de\/blog\/wp-json\/wp\/v2\/pages\/686\/revisions\/689"}],"wp:attachment":[{"href":"https:\/\/programmier-workshops.de\/blog\/wp-json\/wp\/v2\/media?parent=686"}],"curies":[{"name":"wp","href":"https:\/\/api.w.org\/{rel}","templated":true}]}}